{"id":90,"date":"2021-11-06T17:29:57","date_gmt":"2021-11-06T17:29:57","guid":{"rendered":"https:\/\/blog.tecelarimoveis.com.br\/?page_id=90"},"modified":"2021-11-06T17:29:58","modified_gmt":"2021-11-06T17:29:58","slug":"politica-de-privacidade","status":"publish","type":"page","link":"https:\/\/blog.tecelarimoveis.com.br\/?page_id=90","title":{"rendered":"Pol\u00edtica de privacidade"},"content":{"rendered":"\n<p>Introdu\u00e7\u00e3o:<br>As condi\u00e7\u00f5es e os termos da Pol\u00edtica de Privacidade se referem ao site https:\/\/tecelarimoveis.com.br, no qual o<br>p\u00fablico em geral, clientes, e corretores poder\u00e3o ter acesso a informa\u00e7\u00f5es gerais ligadas \u00e0 compra \/ loca\u00e7\u00e3o de<br>im\u00f3veis ou administra\u00e7\u00e3o de condom\u00ednios. O objetivo da Pol\u00edtica de Privacidade estabelecida pela Tecelar Im\u00f3veis e<br>Neg\u00f3cios Ltda. \u00e9 de respeitar a privacidade e reservar o direito ao sigilo de identidade de cada usu\u00e1rio.<br>O p\u00fablico interessado no servi\u00e7o disponibilizado pelo site da Tecelar Im\u00f3veis e Neg\u00f3cios Ltda, aqui denominado(s)<br>usu\u00e1rio(s), com a inten\u00e7\u00e3o de usar as ferramentas e informa\u00e7\u00f5es dispon\u00edveis no site da Tecelar Im\u00f3veis e Neg\u00f3cios<br>Ltda. dever\u00e3o atenciosamente ler esta Pol\u00edtica a fim de conhecer as informa\u00e7\u00f5es aqui contidas.<br>O acesso e utiliza\u00e7\u00e3o do site, mesmo que parcialmente, indica que o usu\u00e1rio est\u00e1 de acordo com a totalidade das<br>informa\u00e7\u00f5es presentes na Pol\u00edtica de Privacidade da Tecelar Im\u00f3veis e Neg\u00f3cios Ltda.<\/p>\n\n\n\n<ol><li>Condi\u00e7\u00f5es<br>A presente Pol\u00edtica de Privacidade e Seguran\u00e7a de Dados no site https:\/\/tecelarimoveis.com.br cont\u00e9m informa\u00e7\u00f5es<br>sobre como a Tecelar Im\u00f3veis e Neg\u00f3cios Ltda. trata estes assuntos de forma s\u00e9ria e r\u00edgida e protege os dados de<br>cada usu\u00e1rio, sendo todos capturados por meio de seu uso devidamente adequado.<br>Classificam-se como \u201cusu\u00e1rio\u201d todos os indiv\u00edduos que de alguma forma acessam o site<br>https:\/\/tecelarimoveis.com.br, clientes ou n\u00e3o.<br>Denomina-se \u201cIdentifica\u00e7\u00e3o Individual\u201d todo o tipo de informa\u00e7\u00e3o n\u00e3o dispon\u00edvel ao p\u00fablico em geral e que, se<br>divulgada, possa acarretar eventual constrangimento moral, legal ou material \u00e0 pr\u00f3pria pessoa. S\u00e3o exemplos de<br>identifica\u00e7\u00e3o individual o nome, telefone, dados residenciais, etc., salvo se previamente autorizado pela mesma<br>pessoa.<br>Criptografia \u00e9 o nome dado ao processo de codifica\u00e7\u00e3o de informa\u00e7\u00f5es, na qual tais informa\u00e7\u00f5es s\u00e3o codificadas<br>(embaralhadas) na origem e decodificadas no destino, dificultando, dessa forma, a obten\u00e7\u00e3o destes dados em seu<br>tr\u00e2nsito por meios il\u00edcitos de terceiros.<br>Cookie \u00e9 um arquivo-texto emitido por um dos servidores da Tecelar Im\u00f3veis e Neg\u00f3cios Ltda. diretamente para o<br>computador do usu\u00e1rio, visando a identifica\u00e7\u00e3o deste, personaliza\u00e7\u00e3o dos acessos deste mesmo usu\u00e1rio e a<br>obten\u00e7\u00e3o de dados sobre p\u00e1ginas visitadas ou links consultados. Um cookie pode ser visualizado t\u00e3o somente pelo<br>servidor que o enviou, sendo atribu\u00eddo exclusivamente a cada computador, n\u00e3o possuindo capacidade para gerar<br>e\/ou executar programas nem infectar computadores com v\u00edrus. O usu\u00e1rio tem a liberdade de deletar os cookies<br>presentes no seu computador, se assim preferir, atrav\u00e9s do browser de navega\u00e7\u00e3o.<\/li><li>Responsabilidades<br>A Tecelar Im\u00f3veis e Neg\u00f3cios Ltda. compromete-se a:<\/li><\/ol>\n\n\n\n<ul><li>Coletar em seu site somente informa\u00e7\u00f5es sobre identifica\u00e7\u00e3o individual necess\u00e1rias \u00e0 viabiliza\u00e7\u00e3o dos neg\u00f3cios<br>propostos e ao fornecimento de servi\u00e7os solicitados por seus usu\u00e1rios e clientes;<\/li><li>Utilizar \u201ccookies\u201d t\u00e3o somente para o controle de audi\u00eancia e navega\u00e7\u00e3o dentro de seu website;<\/li><li>Cumprir de forma rigorosa e criteriosa a todas as diretrizes da presente Pol\u00edtica de Privacidade e Seguran\u00e7a de<br>Dados.<br>A Tecelar Im\u00f3veis e Neg\u00f3cios Ltda. n\u00e3o se responsabiliza por falhas no servidor ou na internet. Tamb\u00e9m n\u00e3o \u00e9<br>respons\u00e1vel por qualquer preju\u00edzo causado ao usu\u00e1rio em virtude de ataques \u201chacker\u201d, bem como v\u00edrus e<br>semelhantes, durante a navega\u00e7\u00e3o no site. Tamb\u00e9m n\u00e3o \u00e9 de responsabilidade da Tecelar Im\u00f3veis e Neg\u00f3cios Ltda.<br>eventuais interrup\u00e7\u00f5es devido a motivos t\u00e9cnicos, ou qualquer outra circunst\u00e2ncia.<br>Os valores e as informa\u00e7\u00f5es exibidas no site da Tecelar Im\u00f3veis e Neg\u00f3cios Ltda., poder\u00e3o sofrer mudan\u00e7as sem<br>aviso pr\u00e9vio. Devido a este fato, pre\u00e7os e informa\u00e7\u00f5es devem ser confirmados pelo Comercial da Tecelar Im\u00f3veis e<br>Neg\u00f3cios Ltda.<\/li><\/ul>\n\n\n\n<ol><li>Utiliza\u00e7\u00e3o das Informa\u00e7\u00f5es<br>Todo e qualquer tipo de informa\u00e7\u00e3o capturada atrav\u00e9s do site https:\/\/tecelarimoveis.com.br s\u00e3o utilizadas pela<br>Tecelar Im\u00f3veis e Neg\u00f3cios Ltda. com a finalidade de:<\/li><\/ol>\n\n\n\n<ul><li>Viabilizar o fornecimento de maiores informa\u00e7\u00f5es acerca de produtos ou servi\u00e7os previamente solicitados atrav\u00e9s<br>do website;<\/li><li>Buscar a identifica\u00e7\u00e3o do perfil, desejos e necessidades de cada usu\u00e1rio, a fim de aprimorar a oferta de produtos e<br>os servi\u00e7os prestados pela empresa;<\/li><li>Enviar informativos eletr\u00f4nicos sobre produtos e servi\u00e7os exclusivos que sejam de interesse dos usu\u00e1rios.<\/li><\/ul>\n\n\n\n<ol><li>Divulga\u00e7\u00e3o de Dados<br>A Tecelar Im\u00f3veis e Neg\u00f3cios Ltda. n\u00e3o fornece, sob hip\u00f3tese alguma, dados sobre a identifica\u00e7\u00e3o individual de<br>usu\u00e1rios a terceiros.<\/li><li>Fica o usu\u00e1rio respons\u00e1vel a:<\/li><\/ol>\n\n\n\n<ul><li>Fornecer t\u00e3o somente informa\u00e7\u00f5es ver\u00eddicas e que n\u00e3o violam legisla\u00e7\u00e3o ou direito de terceiros. A Tecelar Im\u00f3veis<br>e Neg\u00f3cios Ltda. n\u00e3o se responsabiliza pela precis\u00e3o e veracidade dos dados inseridos por seus usu\u00e1rios;<\/li><li>Zelar pelo bem de seus dados de identifica\u00e7\u00e3o individual sempre que acessar a web, informando-os apenas em<br>opera\u00e7\u00f5es onde exista a prote\u00e7\u00e3o de dados, tal qual na Tecelar Im\u00f3veis e Neg\u00f3cios Ltda.;<\/li><li>Utilizar as informa\u00e7\u00f5es do site de forma respons\u00e1vel, a fim de cumprir rigorosamente todas as diretrizes e<br>procedimentos previstos nesta Pol\u00edtica, sempre atuando com \u00e9tica e transpar\u00eancia.<\/li><\/ul>\n\n\n\n<ol><li>Direito a Propriedade Intelectual<br>O uso para qualquer que seja o fim das express\u00f5es Tecelar Im\u00f3veis e Neg\u00f3cios Ltda. como nome empresarial, nome<br>de dom\u00ednio ou marca, bem como o conte\u00fado de toda e qualquer tela relativa aos servi\u00e7os do portal, que o usu\u00e1rio<br>acesse e use sua conta, s\u00e3o de propriedade da Tecelar Im\u00f3veis e Neg\u00f3cios Ltda., e est\u00e3o protegidos pelas leis e<br>tratados internacionais de direito autoral, marcas, patentes, modelos e desenhos industriais. O uso indevido e a<br>reprodu\u00e7\u00e3o total ou parcial dos conte\u00fados referidos acima s\u00e3o expressamente proibidos, salvo se sob autoriza\u00e7\u00e3o<br>da Tecelar Im\u00f3veis e Neg\u00f3cios Ltda.<br>Fica o usu\u00e1rio obrigado a n\u00e3o fazer men\u00e7\u00e3o publicamente ou atribuir informa\u00e7\u00f5es a Tecelar Im\u00f3veis e Neg\u00f3cios<br>Ltda. em qualquer que seja a m\u00eddia, para fins de publicidade ou propaganda, ou ainda que seja para informar e \/ ou<br>influenciar terceiros. O usu\u00e1rio n\u00e3o poder\u00e1 usar ou reproduzir, para qualquer que seja o fim, direta ou<br>indiretamente, a marca da Tecelar Im\u00f3veis e Neg\u00f3cios Ltda., ou mencionar qualquer tipo de endosso, ou qualquer<br>grau de relacionamento empresarial com a mesma.<br>Fica o usu\u00e1rio proibido de utilizar os direitos de propriedade intelectual da Tecelar Im\u00f3veis e Neg\u00f3cios Ltda. Da<br>mesma forma, \u00e9 proibido o registro de marca similar ou mesmo igual e que possam de alguma forma, confundir-se<br>com as marcas da Tecelar Im\u00f3veis e Neg\u00f3cios Ltda.<br>Os usu\u00e1rios podem informar a Tecelar Im\u00f3veis e Neg\u00f3cios Ltda. sobre qualquer uso por terceiro n\u00e3o autorizado das<br>marcas do mesmo, bem como outros direitos de propriedade intelectual dispostos no site.<\/li><li>Altera\u00e7\u00e3o na Pol\u00edtica<br>A Tecelar Im\u00f3veis e Neg\u00f3cios Ltda. se reserva o direito de alterar a presente Pol\u00edtica de Privacidade e de uso a<br>qualquer momento, sem pr\u00e9vio aviso, sendo que toda e qualquer altera\u00e7\u00e3o na Pol\u00edtica de Privacidade e Seguran\u00e7a<br>de Dados ser\u00e1, obrigatoriamente, veiculada neste espa\u00e7o.<\/li><li>D\u00favidas e Sugest\u00f5es<br>Caso haja qualquer d\u00favida ou sugest\u00e3o pertinente a esta Pol\u00edtica de privacidade e de uso de dados escreva para:<br>atendimento@tecelarimoveis.com.br.<\/li><\/ol>\n","protected":false},"excerpt":{"rendered":"<p>Introdu\u00e7\u00e3o:As condi\u00e7\u00f5es e os termos da Pol\u00edtica de Privacidade se referem ao site https:\/\/tecelarimoveis.com.br, no qual op\u00fablico em geral, clientes, e corretores poder\u00e3o ter acesso a informa\u00e7\u00f5es gerais ligadas \u00e0 compra \/ loca\u00e7\u00e3o deim\u00f3veis ou administra\u00e7\u00e3o de condom\u00ednios. O objetivo da Pol\u00edtica de Privacidade estabelecida pela Tecelar Im\u00f3veis eNeg\u00f3cios Ltda. \u00e9 de respeitar a privacidade &hellip; <\/p>\n","protected":false},"author":1,"featured_media":0,"parent":0,"menu_order":0,"comment_status":"closed","ping_status":"closed","template":"","meta":[],"_links":{"self":[{"href":"https:\/\/blog.tecelarimoveis.com.br\/index.php?rest_route=\/wp\/v2\/pages\/90"}],"collection":[{"href":"https:\/\/blog.tecelarimoveis.com.br\/index.php?rest_route=\/wp\/v2\/pages"}],"about":[{"href":"https:\/\/blog.tecelarimoveis.com.br\/index.php?rest_route=\/wp\/v2\/types\/page"}],"author":[{"embeddable":true,"href":"https:\/\/blog.tecelarimoveis.com.br\/index.php?rest_route=\/wp\/v2\/users\/1"}],"replies":[{"embeddable":true,"href":"https:\/\/blog.tecelarimoveis.com.br\/index.php?rest_route=%2Fwp%2Fv2%2Fcomments&post=90"}],"version-history":[{"count":1,"href":"https:\/\/blog.tecelarimoveis.com.br\/index.php?rest_route=\/wp\/v2\/pages\/90\/revisions"}],"predecessor-version":[{"id":99,"href":"https:\/\/blog.tecelarimoveis.com.br\/index.php?rest_route=\/wp\/v2\/pages\/90\/revisions\/99"}],"wp:attachment":[{"href":"https:\/\/blog.tecelarimoveis.com.br\/index.php?rest_route=%2Fwp%2Fv2%2Fmedia&parent=90"}],"curies":[{"name":"wp","href":"https:\/\/api.w.org\/{rel}","templated":true}]}}